{"id":378,"date":"2016-06-29T17:57:21","date_gmt":"2016-06-29T14:57:21","guid":{"rendered":"http:\/\/hotel.veagles.ee\/?page_id=378"},"modified":"2025-11-20T10:25:51","modified_gmt":"2025-11-20T07:25:51","slug":"partnyory","status":"publish","type":"page","link":"https:\/\/veagles.ee\/et\/partnyory\/","title":{"rendered":"Partnerid"},"content":{"rendered":"<p><\/p>\n<div style=\"font-family: Arial, sans-serif; max-width: 1100px; margin: 0 auto; padding: 50px 20px; background: #fdfaf2; color: #333; border-radius: 15px; box-shadow: 0 8px 25px rgba(0,0,0,0.15); line-height: 1.7;\">\n<h2 style=\"text-align: center; color: #c68642; font-size: 36px; margin-bottom: 20px;\">\ud83e\udd1d Meie Lugupeetud Partnerid<\/h2>\n<p style=\"text-align: center; font-size: 18px; color: #000080; max-width: 900px; margin: 0 auto 40px;\">\n    Guest House VEAGLES teeb koost\u00f6\u00f6d juhtivate organisatsioonidega turismi, majutuse ja kultuuri valdkonnas. Tutvu meie usaldusv\u00e4\u00e4rsete partneritega ja liitu meie v\u00f5rgustikuga!\n  <\/p>\n<p>  <!-- Rahvusvahelised Partnerid --><\/p>\n<h3 style=\"color: #1e90ff; text-align: center; margin-bottom: 20px;\">\ud83c\udf0d Rahvusvahelised Partnerid<\/h3>\n<div style=\"display: flex; flex-wrap: wrap; justify-content: center; gap: 15px; margin-bottom: 40px;\">\n    <a href=\"https:\/\/www.unesco.org\/\" target=\"_blank\" style=\"background-color: #1e90ff; color: #fff; padding: 12px 25px; border-radius: 8px; text-decoration: none; font-weight: bold; transition: 0.3s;\">UNESCO Maailmap\u00e4rand<\/a><br \/>\n    <a href=\"https:\/\/www.booking.com\/\" target=\"_blank\" style=\"background-color: #1e90ff; color: #fff; padding: 12px 25px; border-radius: 8px; text-decoration: none; font-weight: bold; transition: 0.3s;\">Booking.com<\/a><br \/>\n    <a href=\"https:\/\/www.tripadvisor.com\/\" target=\"_blank\" style=\"background-color: #1e90ff; color: #fff; padding: 12px 25px; border-radius: 8px; text-decoration: none; font-weight: bold; transition: 0.3s;\">TripAdvisor<\/a><br \/>\n    <a href=\"https:\/\/www.expedia.com\/\" target=\"_blank\" style=\"background-color: #1e90ff; color: #fff; padding: 12px 25px; border-radius: 8px; text-decoration: none; font-weight: bold; transition: 0.3s;\">Expedia Group<\/a><br \/>\n    <a href=\"https:\/\/etc-corporate.org\/\" target=\"_blank\" style=\"background-color: #1e90ff; color: #fff; padding: 12px 25px; border-radius: 8px; text-decoration: none; font-weight: bold; transition: 0.3s;\">Euroopa Turismikomisjon<\/a>\n  <\/div>\n<p>  <!-- Kohalikud ja Regionaalsed Partnerid --><\/p>\n<h3 style=\"color: #c68642; text-align: center; margin-bottom: 20px;\">\ud83c\udfe2 Kohalikud ja Regionaalsed Partnerid<\/h3>\n<div style=\"display: flex; flex-wrap: wrap; justify-content: center; gap: 15px;\">\n    <a href=\"https:\/\/www.visitestonia.com\/en\/narva\" target=\"_blank\" style=\"background-color: #c68642; color: #fff; padding: 12px 25px; border-radius: 8px; text-decoration: none; font-weight: bold; transition: 0.3s;\">Eesti Turismib\u00fcroo<\/a><br \/>\n    <a href=\"https:\/\/www.narvamuuseum.ee\/\" target=\"_blank\" style=\"background-color: #c68642; color: #fff; padding: 12px 25px; border-radius: 8px; text-decoration: none; font-weight: bold; transition: 0.3s;\">Narva Muuseum<\/a><br \/>\n    <a href=\"https:\/\/www.narvajoesuuspa.ee\/\" target=\"_blank\" style=\"background-color: #c68642; color: #fff; padding: 12px 25px; border-radius: 8px; text-decoration: none; font-weight: bold; transition: 0.3s;\">Narva Spa &#038; Wellness<\/a><br \/>\n    <a href=\"https:\/\/www.narvajoesuu.ee\/\" target=\"_blank\" style=\"background-color: #c68642; color: #fff; padding: 12px 25px; border-radius: 8px; text-decoration: none; font-weight: bold; transition: 0.3s;\">Narva-J\u00f5esuu Konverentsikeskus<\/a><br \/>\n    <a href=\"https:\/\/www.visitidavirumaa.ee\/\" target=\"_blank\" style=\"background-color: #c68642; color: #fff; padding: 12px 25px; border-radius: 8px; text-decoration: none; font-weight: bold; transition: 0.3s;\">Ida-Viru Maakonna Turism<\/a><br \/>\n    <a href=\"https:\/\/www.narva.ee\/\" target=\"_blank\" style=\"background-color: #c68642; color: #fff; padding: 12px 25px; border-radius: 8px; text-decoration: none; font-weight: bold; transition: 0.3s;\">Narva Linnavalitsus<\/a><br \/>\n    <a href=\"https:\/\/www.ut.ee\/en\" target=\"_blank\" style=\"background-color: #c68642; color: #fff; padding: 12px 25px; border-radius: 8px; text-decoration: none; font-weight: bold; transition: 0.3s;\">Tartu \u00dclikool &#8211; Narva Kolled\u017e<\/a><br \/>\n    <a href=\"#\" target=\"_blank\" style=\"background-color: #c68642; color: #fff; padding: 12px 25px; border-radius: 8px; text-decoration: none; font-weight: bold; transition: 0.3s;\">Narva-J\u00f5esuu Turismiinfo<\/a><br \/>\n    <a href=\"#\" target=\"_blank\" style=\"background-color: #c68642; color: #fff; padding: 12px 25px; border-radius: 8px; text-decoration: none; font-weight: bold; transition: 0.3s;\">Kreenholmi Kultuurifond<\/a><br \/>\n    <a href=\"#\" target=\"_blank\" style=\"background-color: #c68642; color: #fff; padding: 12px 25px; border-radius: 8px; text-decoration: none; font-weight: bold; transition: 0.3s;\">Narva Kunstigalerii<\/a>\n  <\/div>\n<p style=\"text-align: center; margin-top: 50px; font-size: 16px; color: #000080;\">\n    Kas soovite liituda meie m\u00f5jukate partnerite v\u00f5rgustikuga? <a href=\"mailto:to.veagles@gmail.com\" style=\"color: #c68642; font-weight: bold;\">V\u00f5tke meiega \u00fchendust<\/a> juba t\u00e4na!\n  <\/p>\n<\/div>\n<p><\/p>","protected":false},"excerpt":{"rendered":"<p>\ud83e\udd1d Meie Lugupeetud Partnerid Guest House VEAGLES teeb koost\u00f6\u00f6d juhtivate organisatsioonidega turismi, majutuse ja kultuuri valdkonnas. Tutvu meie usaldusv\u00e4\u00e4rsete partneritega ja liitu meie v\u00f5rgustikuga! \ud83c\udf0d Rahvusvahelised Partnerid UNESCO Maailmap\u00e4rand Booking.com TripAdvisor Expedia Group Euroopa Turismikomisjon \ud83c\udfe2 Kohalikud ja Regionaalsed Partnerid Eesti Turismib\u00fcroo Narva Muuseum Narva Spa &#038; Wellness Narva-J\u00f5esuu Konverentsikeskus Ida-Viru Maakonna Turism Narva Linnavalitsus [&hellip;]<\/p>\n","protected":false},"author":2,"featured_media":0,"parent":0,"menu_order":0,"comment_status":"closed","ping_status":"closed","template":"","meta":{"om_disable_all_campaigns":false,"_monsterinsights_skip_tracking":false,"_monsterinsights_sitenote_active":false,"_monsterinsights_sitenote_note":"","_monsterinsights_sitenote_category":0,"_uf_show_specific_survey":0,"_uf_disable_surveys":false,"two_page_speed":[],"footnotes":""},"class_list":["post-378","page","type-page","status-publish","hentry"],"aioseo_notices":[],"_links":{"self":[{"href":"https:\/\/veagles.ee\/et\/wp-json\/wp\/v2\/pages\/378","targetHints":{"allow":["GET"]}}],"collection":[{"href":"https:\/\/veagles.ee\/et\/wp-json\/wp\/v2\/pages"}],"about":[{"href":"https:\/\/veagles.ee\/et\/wp-json\/wp\/v2\/types\/page"}],"author":[{"embeddable":true,"href":"https:\/\/veagles.ee\/et\/wp-json\/wp\/v2\/users\/2"}],"replies":[{"embeddable":true,"href":"https:\/\/veagles.ee\/et\/wp-json\/wp\/v2\/comments?post=378"}],"version-history":[{"count":8,"href":"https:\/\/veagles.ee\/et\/wp-json\/wp\/v2\/pages\/378\/revisions"}],"predecessor-version":[{"id":2047,"href":"https:\/\/veagles.ee\/et\/wp-json\/wp\/v2\/pages\/378\/revisions\/2047"}],"wp:attachment":[{"href":"https:\/\/veagles.ee\/et\/wp-json\/wp\/v2\/media?parent=378"}],"curies":[{"name":"wp","href":"https:\/\/api.w.org\/{rel}","templated":true}]}}