{"id":219,"date":"2016-06-25T22:25:05","date_gmt":"2016-06-25T19:25:05","guid":{"rendered":"http:\/\/hotel.veagles.ee\/?page_id=219"},"modified":"2025-11-20T14:04:34","modified_gmt":"2025-11-20T11:04:34","slug":"nomera","status":"publish","type":"page","link":"https:\/\/veagles.ee\/et\/nomera\/","title":{"rendered":"Toad"},"content":{"rendered":"<p><\/p>\n<div style=\"font-family: Arial, sans-serif; max-width: 1000px; margin: 0 auto; padding: 20px; background: #fefbf5; color: #333; line-height: 1.6;\">\n<h1 style=\"text-align: center; color: #c68642; margin-bottom: 10px;\">\ud83c\udfe1 Hinnapakkumine majutuseks Guest House VEAGLES<\/h1>\n<p style=\"text-align: center; font-size: 18px;\">Ideaalne koht perepuhkuseks, romantiliseks n\u00e4dalavahetuseks v\u00f5i korporatiivseks majutuseks<\/p>\n<p style=\"text-align: center; font-size: 16px;\"><strong>Check-in:<\/strong> 14:00 \u00a0 | \u00a0 <strong>Check-out:<\/strong> 12:00<\/p>\n<h2 style=\"color: #c68642; margin-top: 30px;\">Toate kirjeldus<\/h2>\n<ul style=\"font-size: 16px; line-height: 1.8;\">\n<li><strong>Kahene STANDARD DBL\/SNG:<\/strong> 2. korrus, 2 voodit 80&#215;200 \/ 1 voodi 160&#215;200, plasma-TV, t\u00f6\u00f6laud, \u00f6\u00f6kapid, vaipkate. <em>Mugavused:<\/em> 5 toa kohta \u2013 2 du\u0161\u0161i, 2 WC-d. (3 tuba)<\/li>\n<li><strong>Kolmetoaline FAMILY ROOM:<\/strong> 2. korrus, narivoodi ja 1 voodi 120&#215;200, TV 32\u201d, t\u00f6\u00f6laud, \u00f6\u00f6kapid. <em>Mugavused:<\/em> 5 toa kohta \u2013 2 du\u0161\u0161i, 2 WC-d. (1 tuba)<\/li>\n<li><strong>Kolmetoaline ROOM FOR FRIENDS:<\/strong> 2. korrus, narivoodi (alumine kahevoodiline, \u00fclemine \u00fchevoodiline), TV, t\u00f6\u00f6laud, \u00f6\u00f6kapid. <em>Mugavused:<\/em> 5 toa kohta \u2013 2 du\u0161\u0161i, 2 WC-d. (1 tuba)<\/li>\n<li><strong>Kahene Superior \/ Parendatud:<\/strong> 1. korrus, eraldi sissep\u00e4\u00e4s, 2 voodit 80&#215;200 \/ 1 voodi 160&#215;200, TV 32\u201d, t\u00f6\u00f6laud, venitatud lagi. <em>Mugavused:<\/em> WC \/ du\u0161\u0161 toas. (3 tuba)<\/li>\n<li><strong>Kolmetoaline Superior \/ Parendatud:<\/strong> 1. korrus, eraldi sissep\u00e4\u00e4s, narivoodi (alumine kahevoodiline, \u00fclemine \u00fchevoodiline), TV 32\u201d, t\u00f6\u00f6laud, \u00f6\u00f6kapid, venitatud lagi. <em>Mugavused:<\/em> WC \/ du\u0161\u0161 toas. (1 tuba)<\/li>\n<\/ul>\n<h2 style=\"color: #c68642; margin-top: 30px;\">Teenused ja mugavused<\/h2>\n<ul style=\"font-size: 16px; line-height: 1.8;\">\n<li>Mandri hommikus\u00f6\u00f6k<\/li>\n<li>Voodipesu ja r\u00e4tikud<\/li>\n<li>Wi-Fi<\/li>\n<li>Televisioon<\/li>\n<\/ul>\n<h2 style=\"color: #c68642; margin-top: 30px;\">Majutuse hinnad koos hommikus\u00f6\u00f6giga<\/h2>\n<ul style=\"font-size: 16px; line-height: 1.8;\">\n<li><strong>STANDARD DBL\/SNG:<\/strong> 59 \u20ac (3 tuba)<\/li>\n<li><strong>Kahene Superior \/ Parendatud:<\/strong> 69 \u20ac (3 tuba)<\/li>\n<li><strong>FAMILY ROOM:<\/strong> 95 \u20ac (1 tuba)<\/li>\n<li><strong>Kolmetoaline Superior \/ Parendatud:<\/strong> 100 \u20ac (1 tuba)<\/li>\n<li><strong>ROOM FOR FRIENDS:<\/strong> 100 \u20ac (1 tuba)<\/li>\n<li>Kogu Guest House&#8217;i rendi suvel (12:00\u201322:00) \u2013 1000 \u20ac<\/li>\n<li>Hommikus\u00f6\u00f6k \u2013 10 \u20ac<\/li>\n<li>L\u00f5unas\u00f6\u00f6k \u2013 20 \u20ac<\/li>\n<li>\u00d5htus\u00f6\u00f6k \u2013 18 \u20ac<\/li>\n<\/ul>\n<h2 style=\"color: #c68642; margin-top: 30px;\">Lemmikloomade majutamine<\/h2>\n<p style=\"font-size: 16px;\">Hind: 20 \u20ac \/ \u00f6\u00f6. Hind sisaldab ainult lemmiku majutust koos pererahvaga \u00fches toas. Koerad peavad olema muuliga ja rihmaga.<\/p>\n<h2 style=\"color: #c68642; margin-top: 30px;\">Kontaktandmed<\/h2>\n<p style=\"font-size: 16px;\">Broneerimiseks ja k\u00fcsimuste korral helistage:<br \/>\n<a style=\"color: #c68642; text-decoration: none;\" href=\"tel:+37258360118\">+372 58 360 118<\/a> v\u00f5i<br \/>\n<a style=\"color: #c68642; text-decoration: none;\" href=\"tel:+37258209687\">+372 58 209 687<\/a><\/p>\n<p style=\"font-size: 16px;\">E-post:<br \/>\n<a style=\"color: #c68642; text-decoration: none;\" href=\"mailto:veagles@veagles.ee\">veagles@veagles.ee<\/a>,<br \/>\n<a style=\"color: #c68642; text-decoration: none;\" href=\"mailto:to.veagles@gmail.com\">to.veagles@gmail.com<\/a><\/p>\n<h2 style=\"color: #c68642; margin-top: 30px;\">Individuaalsed ettev\u00f5tte lepingud<\/h2>\n<p style=\"font-size: 16px;\">Suurendage oma \u00e4ri v\u00f5i projekti t\u00f5husust, kontrollides majutuskulusid. Guest House VEAGLES&#8217;il on pikaajaline kogemus ehitusettev\u00f5tete majutamisel \u00fcle kogu maailma.<\/p>\n<h3 style=\"color: #c68642; margin-top: 30px;\">Juriidiline info<\/h3>\n<p style=\"font-size: 14px; color: #555;\">\nT\u00dc VEAGLES | Reg.nr: 10337858 | Pank: SWEDBANK A\/a 221029279989 | IBAN: EE162200221029279989 | BIC: HABAEE2X | KMKR.nr. EE100870295<br \/>\nAadress: M\u00e4e 26A, Narva-J\u00f5esuu, Eesti, 29022<br \/>\nNB! Guest House j\u00e4tab endale \u00f5iguse hindu muuta ette teatamata. Kui broneering t\u00fchistatakse k\u00fclalise mittes\u00f5ltuvatel p\u00f5hjustel, ei tagastata kasutamata teenuste eest tasutud summat.\n<\/p>\n<\/div>\n<p><\/p>","protected":false},"excerpt":{"rendered":"<p>\ud83c\udfe1 Hinnapakkumine majutuseks Guest House VEAGLES Ideaalne koht perepuhkuseks, romantiliseks n\u00e4dalavahetuseks v\u00f5i korporatiivseks majutuseks Check-in: 14:00 \u00a0 | \u00a0 Check-out: 12:00 Toate kirjeldus Kahene STANDARD DBL\/SNG: 2. korrus, 2 voodit 80&#215;200 \/ 1 voodi 160&#215;200, plasma-TV, t\u00f6\u00f6laud, \u00f6\u00f6kapid, vaipkate. Mugavused: 5 toa kohta \u2013 2 du\u0161\u0161i, 2 WC-d. (3 tuba) Kolmetoaline FAMILY ROOM: 2. korrus, [&hellip;]<\/p>\n","protected":false},"author":2,"featured_media":0,"parent":0,"menu_order":0,"comment_status":"closed","ping_status":"closed","template":"","meta":{"om_disable_all_campaigns":false,"_monsterinsights_skip_tracking":false,"_monsterinsights_sitenote_active":false,"_monsterinsights_sitenote_note":"","_monsterinsights_sitenote_category":0,"_uf_show_specific_survey":0,"_uf_disable_surveys":false,"two_page_speed":{"previous_score":{"desktop_score":93,"desktop_tti":"1.3\u00a0","mobile_score":61,"mobile_tti":"7.1\u00a0","date":"20.11.2025 12:21:06 pm","status":"completed"}},"footnotes":""},"class_list":["post-219","page","type-page","status-publish","hentry"],"aioseo_notices":[],"_links":{"self":[{"href":"https:\/\/veagles.ee\/et\/wp-json\/wp\/v2\/pages\/219","targetHints":{"allow":["GET"]}}],"collection":[{"href":"https:\/\/veagles.ee\/et\/wp-json\/wp\/v2\/pages"}],"about":[{"href":"https:\/\/veagles.ee\/et\/wp-json\/wp\/v2\/types\/page"}],"author":[{"embeddable":true,"href":"https:\/\/veagles.ee\/et\/wp-json\/wp\/v2\/users\/2"}],"replies":[{"embeddable":true,"href":"https:\/\/veagles.ee\/et\/wp-json\/wp\/v2\/comments?post=219"}],"version-history":[{"count":13,"href":"https:\/\/veagles.ee\/et\/wp-json\/wp\/v2\/pages\/219\/revisions"}],"predecessor-version":[{"id":2063,"href":"https:\/\/veagles.ee\/et\/wp-json\/wp\/v2\/pages\/219\/revisions\/2063"}],"wp:attachment":[{"href":"https:\/\/veagles.ee\/et\/wp-json\/wp\/v2\/media?parent=219"}],"curies":[{"name":"wp","href":"https:\/\/api.w.org\/{rel}","templated":true}]}}